{"id":60438,"date":"2025-08-29T15:09:15","date_gmt":"2025-08-29T18:09:15","guid":{"rendered":"https:\/\/sindaopcpb.org.br\/?page_id=60438"},"modified":"2025-08-29T15:10:46","modified_gmt":"2025-08-29T18:10:46","slug":"lopcpb","status":"publish","type":"page","link":"https:\/\/sindaopcpb.org.br\/index.php\/lopcpb\/","title":{"rendered":"LOPCPB"},"content":{"rendered":"\n<h2 class=\"wp-block-heading has-text-align-center\"><strong>Lei Org\u00e2nica da Pol\u00edcia Civil da Para\u00edba<\/strong><\/h2>\n\n\n\n<div data-wp-interactive=\"core\/file\" class=\"wp-block-file\"><object data-wp-bind--hidden=\"!state.hasPdfPreview\" hidden class=\"wp-block-file__embed\" data=\"https:\/\/sindaopcpb.org.br\/wp-content\/uploads\/2025\/08\/lei-complementar-no-85-atualizada-2022-lei-organica-pcpb-2.pdf\" type=\"application\/pdf\" style=\"width:100%;height:600px\" aria-label=\"Incorporado de lei-complementar-no-85-atualizada 2022 lei organica pcpb.\"><\/object><a id=\"wp-block-file--media-0161d749-50fd-4216-acf9-fcbd2f9e479d\" href=\"https:\/\/sindaopcpb.org.br\/wp-content\/uploads\/2025\/08\/lei-complementar-no-85-atualizada-2022-lei-organica-pcpb-2.pdf\">lei-complementar-no-85-atualizada 2022 lei organica pcpb<\/a><a href=\"https:\/\/sindaopcpb.org.br\/wp-content\/uploads\/2025\/08\/lei-complementar-no-85-atualizada-2022-lei-organica-pcpb-2.pdf\" class=\"wp-block-file__button wp-element-button\" download aria-describedby=\"wp-block-file--media-0161d749-50fd-4216-acf9-fcbd2f9e479d\">Baixar<\/a><\/div>\n","protected":false},"excerpt":{"rendered":"<p>Lei Org\u00e2nica da Pol\u00edcia Civil da Para\u00edba<\/p>\n","protected":false},"author":7,"featured_media":0,"parent":0,"menu_order":0,"comment_status":"closed","ping_status":"closed","template":"","meta":{"advgb_blocks_editor_width":"","advgb_blocks_columns_visual_guide":"","footnotes":""},"class_list":["post-60438","page","type-page","status-publish","hentry"],"coauthors":[],"author_meta":{"author_link":"https:\/\/sindaopcpb.org.br\/author\/charles\/","display_name":"charles lustosa dos passos"},"relative_dates":{"created":"Publicado 8 meses atr\u00e1s","modified":"Atualizado 8 meses atr\u00e1s"},"absolute_dates":{"created":"Publicado em 29 de agosto de 2025","modified":"Atualizado em 29 de agosto de 2025"},"absolute_dates_time":{"created":"Publicado em 29 de agosto de 2025 15:09","modified":"Atualizado em 29 de agosto de 2025 15:10"},"featured_img_caption":"","featured_img":false,"series_order":"","_links":{"self":[{"href":"https:\/\/sindaopcpb.org.br\/index.php\/wp-json\/wp\/v2\/pages\/60438","targetHints":{"allow":["GET"]}}],"collection":[{"href":"https:\/\/sindaopcpb.org.br\/index.php\/wp-json\/wp\/v2\/pages"}],"about":[{"href":"https:\/\/sindaopcpb.org.br\/index.php\/wp-json\/wp\/v2\/types\/page"}],"author":[{"embeddable":true,"href":"https:\/\/sindaopcpb.org.br\/index.php\/wp-json\/wp\/v2\/users\/7"}],"replies":[{"embeddable":true,"href":"https:\/\/sindaopcpb.org.br\/index.php\/wp-json\/wp\/v2\/comments?post=60438"}],"version-history":[{"count":2,"href":"https:\/\/sindaopcpb.org.br\/index.php\/wp-json\/wp\/v2\/pages\/60438\/revisions"}],"predecessor-version":[{"id":60443,"href":"https:\/\/sindaopcpb.org.br\/index.php\/wp-json\/wp\/v2\/pages\/60438\/revisions\/60443"}],"wp:attachment":[{"href":"https:\/\/sindaopcpb.org.br\/index.php\/wp-json\/wp\/v2\/media?parent=60438"}],"curies":[{"name":"wp","href":"https:\/\/api.w.org\/{rel}","templated":true}]}}