{"id":59277,"date":"2025-07-28T14:22:16","date_gmt":"2025-07-28T17:22:16","guid":{"rendered":"https:\/\/sindaopcpb.org.br\/?page_id=59277"},"modified":"2025-07-28T15:13:15","modified_gmt":"2025-07-28T18:13:15","slug":"ficha-de-filiacao","status":"publish","type":"page","link":"https:\/\/sindaopcpb.org.br\/index.php\/ficha-de-filiacao\/","title":{"rendered":"Cadastro de Filia\u00e7\u00e3o"},"content":{"rendered":"\n<p>Informa\u00e7\u00f5es para preenchimento da ficha de filia\u00e7\u00e3o e valida\u00e7\u00e3o legal.<\/p>\n\n\n\n<ol class=\"wp-block-list\">\n<li>O formul\u00e1rio poder\u00e1 ser preenchido na forma digital e com assinatura no formato digital conta .gov.br <\/li>\n\n\n\n<li>Seus dados est\u00e3o protegidos pela LGPD.<\/li>\n\n\n\n<li>Conhe\u00e7a o Estatuto do seu sindicato ele traz seus direitos e deveres.<\/li>\n\n\n\n<li>A valida\u00e7\u00e3o da filia\u00e7\u00e3o ser\u00e1 confirmado com o envio para o e-mail: <a href=\"mailto:contato@sindaopcpb.org.com\">contato@sindaopcpb.org.br<\/a>  dos seguintes documentos: RG ou CNH e Ficha de Filia\u00e7\u00e3o.    <\/li>\n\n\n\n<li>Ap\u00f3s o preenchimento voc\u00ea deve salvar como um <strong>novo arquivo pdf<\/strong>, para isso, voc\u00ea pode utilizar a fun\u00e7\u00e3o nativa do navegador &#8220;<strong>imprimir como pdf<\/strong>&#8220;<\/li>\n<\/ol>\n\n\n\n<div data-wp-interactive=\"core\/file\" class=\"wp-block-file aligncenter\"><object data-wp-bind--hidden=\"!state.hasPdfPreview\" hidden class=\"wp-block-file__embed\" data=\"https:\/\/sindaopcpb.org.br\/wp-content\/uploads\/2025\/07\/FICHA-DE-FILIACAO-2025.pdf\" type=\"application\/pdf\" style=\"width:100%;height:600px\" aria-label=\"Incorporado de FICHA DE FILIA\u00c7\u00c3O 2025.\"><\/object><a id=\"wp-block-file--media-08385fac-ffa2-424b-9561-74cfd0457ce4\" href=\"https:\/\/sindaopcpb.org.br\/wp-content\/uploads\/2025\/07\/FICHA-DE-FILIACAO-2025.pdf\">FICHA DE FILIA\u00c7\u00c3O 2025<\/a><a href=\"https:\/\/sindaopcpb.org.br\/wp-content\/uploads\/2025\/07\/FICHA-DE-FILIACAO-2025.pdf\" class=\"wp-block-file__button wp-element-button\" download aria-describedby=\"wp-block-file--media-08385fac-ffa2-424b-9561-74cfd0457ce4\">Baixar<\/a><\/div>\n\n\n\n<p><\/p>\n","protected":false},"excerpt":{"rendered":"<p>Informa\u00e7\u00f5es para preenchimento da ficha de filia\u00e7\u00e3o e valida\u00e7\u00e3o legal.<\/p>\n","protected":false},"author":7,"featured_media":0,"parent":0,"menu_order":0,"comment_status":"closed","ping_status":"closed","template":"","meta":{"advgb_blocks_editor_width":"","advgb_blocks_columns_visual_guide":"","footnotes":""},"class_list":["post-59277","page","type-page","status-publish","hentry"],"coauthors":[],"author_meta":{"author_link":"https:\/\/sindaopcpb.org.br\/author\/charles\/","display_name":"charles lustosa dos passos"},"relative_dates":{"created":"Publicado 9 meses atr\u00e1s","modified":"Atualizado 9 meses atr\u00e1s"},"absolute_dates":{"created":"Publicado em 28 de julho de 2025","modified":"Atualizado em 28 de julho de 2025"},"absolute_dates_time":{"created":"Publicado em 28 de julho de 2025 14:22","modified":"Atualizado em 28 de julho de 2025 15:13"},"featured_img_caption":"","featured_img":false,"series_order":"","_links":{"self":[{"href":"https:\/\/sindaopcpb.org.br\/index.php\/wp-json\/wp\/v2\/pages\/59277","targetHints":{"allow":["GET"]}}],"collection":[{"href":"https:\/\/sindaopcpb.org.br\/index.php\/wp-json\/wp\/v2\/pages"}],"about":[{"href":"https:\/\/sindaopcpb.org.br\/index.php\/wp-json\/wp\/v2\/types\/page"}],"author":[{"embeddable":true,"href":"https:\/\/sindaopcpb.org.br\/index.php\/wp-json\/wp\/v2\/users\/7"}],"replies":[{"embeddable":true,"href":"https:\/\/sindaopcpb.org.br\/index.php\/wp-json\/wp\/v2\/comments?post=59277"}],"version-history":[{"count":6,"href":"https:\/\/sindaopcpb.org.br\/index.php\/wp-json\/wp\/v2\/pages\/59277\/revisions"}],"predecessor-version":[{"id":59299,"href":"https:\/\/sindaopcpb.org.br\/index.php\/wp-json\/wp\/v2\/pages\/59277\/revisions\/59299"}],"wp:attachment":[{"href":"https:\/\/sindaopcpb.org.br\/index.php\/wp-json\/wp\/v2\/media?parent=59277"}],"curies":[{"name":"wp","href":"https:\/\/api.w.org\/{rel}","templated":true}]}}