{"id":244,"date":"2022-07-05T15:06:35","date_gmt":"2022-07-05T18:06:35","guid":{"rendered":"https:\/\/sindaopcpb.org.br\/?page_id=244"},"modified":"2022-07-05T20:32:04","modified_gmt":"2022-07-05T23:32:04","slug":"atencao","status":"publish","type":"page","link":"https:\/\/sindaopcpb.org.br\/index.php\/atencao\/","title":{"rendered":"Teste"},"content":{"rendered":"\n<p>Conte\u00fado exclusivo apenas para membros!<\/p>\n\n\n<div class=\"advgb-recent-posts-block grid-view columns-2 recent-posts-a62aa9ad-42ef-476f-b070-ef59ab45a179\"><div class=\"advgb-recent-posts\"><article class=\"advgb-recent-post advgb-recent-post--no-image\"><div class=\"advgb-post-wrapper\"><h2 class=\"advgb-post-title\"><a href=\"https:\/\/sindaopcpb.org.br\/index.php\/2026\/04\/16\/policia-ambiental-apreende-29-aves-silvestres-mantidas-em-cativeiro-ilegal-no-sertao\/\">Pol\u00edcia Ambiental apreende 29 aves silvestres mantidas em cativeiro ilegal no Sert\u00e3o<\/a><\/h2><div class=\"advgb-post-content\"><div class=\"advgb-post-excerpt\"><p><img loading=\"lazy\" decoding=\"async\" width=\"417\" height=\"461\" src=\"https:\/\/www.pbagora.com.br\/storage\/2026\/04\/image-102.png\" class=\"attachment-large size-large wp-post-image\" alt=\"\" srcset=\"https:\/\/www.pbagora.com.br\/storage\/2026\/04\/image-102.png 417w, https:\/\/www.pbagora.com.br\/storage\/2026\/04\/image-102-271x300.png 271w, https:\/\/www.pbagora.com.br\/storage\/2026\/04\/image-102-136x150.png 136w, https:\/\/www.pbagora.com.br\/storage\/2026\/04\/image-102-380x420.png 380w, https:\/\/www.pbagora.com.br\/storage\/2026\/04\/image-102-80x88.png 80w, https:\/\/www.pbagora.com.br\/storage\/2026\/04\/image-102-72x80.png 72w\" sizes=\"auto, (max-width: 417px) 100vw, 417px\" title=\"\"><\/p>A Pol\u00edcia Ambiental da Para\u00edba (BPMA) apreendeu, nessa quarta-feira (15), 29 aves silvestres que eram mantidas ilegalmente em\u2026<\/div><div class=\"advgb-post-readmore\"><a href=\"https:\/\/sindaopcpb.org.br\/index.php\/2026\/04\/16\/policia-ambiental-apreende-29-aves-silvestres-mantidas-em-cativeiro-ilegal-no-sertao\/\">Leia mais<\/a><\/div><\/div><\/div><\/article><article class=\"advgb-recent-post advgb-recent-post--no-image\"><div class=\"advgb-post-wrapper\"><h2 class=\"advgb-post-title\"><a href=\"https:\/\/sindaopcpb.org.br\/index.php\/2026\/04\/16\/policia-civil-desmonta-esquema-de-cultivo-de-maconha-e-prende-integrantes-de-faccao-na-pb\/\">Pol\u00edcia Civil desmonta esquema de cultivo de maconha e prende integrantes de fac\u00e7\u00e3o na PB<\/a><\/h2><div class=\"advgb-post-content\"><div class=\"advgb-post-excerpt\"><p><img loading=\"lazy\" decoding=\"async\" width=\"800\" height=\"500\" src=\"https:\/\/www.pbagora.com.br\/storage\/2026\/03\/civl.avif\" class=\"attachment-large size-large wp-post-image\" alt=\"\" srcset=\"https:\/\/www.pbagora.com.br\/storage\/2026\/03\/civl.avif 800w, https:\/\/www.pbagora.com.br\/storage\/2026\/03\/civl-300x188.avif 300w, https:\/\/www.pbagora.com.br\/storage\/2026\/03\/civl-150x94.avif 150w, https:\/\/www.pbagora.com.br\/storage\/2026\/03\/civl-768x480.avif 768w, https:\/\/www.pbagora.com.br\/storage\/2026\/03\/civl-380x238.avif 380w, https:\/\/www.pbagora.com.br\/storage\/2026\/03\/civl-80x50.avif 80w, https:\/\/www.pbagora.com.br\/storage\/2026\/03\/civl-760x475.avif 760w, https:\/\/www.pbagora.com.br\/storage\/2026\/03\/civl-600x375.avif 600w\" sizes=\"auto, (max-width: 800px) 100vw, 800px\" title=\"\"><\/p>A Pol\u00edcia Civil da Para\u00edba deflagrou, na manh\u00e3 desta quinta-feira (16), a Opera\u00e7\u00e3o Ignite, a\u00e7\u00e3o coordenada pela Delegacia\u2026<\/div><div class=\"advgb-post-readmore\"><a href=\"https:\/\/sindaopcpb.org.br\/index.php\/2026\/04\/16\/policia-civil-desmonta-esquema-de-cultivo-de-maconha-e-prende-integrantes-de-faccao-na-pb\/\">Leia mais<\/a><\/div><\/div><\/div><\/article><article class=\"advgb-recent-post advgb-recent-post--no-image\"><div class=\"advgb-post-wrapper\"><h2 class=\"advgb-post-title\"><a href=\"https:\/\/sindaopcpb.org.br\/index.php\/2026\/04\/16\/pf-cumpre-mandado-em-araruna-em-acao-contra-exploracao-sexual-infantojuvenil\/\">PF cumpre mandado em Araruna em a\u00e7\u00e3o contra explora\u00e7\u00e3o sexual infantojuvenil\u00a0<\/a><\/h2><div class=\"advgb-post-content\"><div class=\"advgb-post-excerpt\"><p><img loading=\"lazy\" decoding=\"async\" width=\"768\" height=\"576\" src=\"https:\/\/www.pbagora.com.br\/storage\/2026\/04\/image-100.png\" class=\"attachment-large size-large wp-post-image\" alt=\"\" srcset=\"https:\/\/www.pbagora.com.br\/storage\/2026\/04\/image-100.png 768w, https:\/\/www.pbagora.com.br\/storage\/2026\/04\/image-100-300x225.png 300w, https:\/\/www.pbagora.com.br\/storage\/2026\/04\/image-100-150x113.png 150w, https:\/\/www.pbagora.com.br\/storage\/2026\/04\/image-100-200x150.png 200w, https:\/\/www.pbagora.com.br\/storage\/2026\/04\/image-100-260x195.png 260w, https:\/\/www.pbagora.com.br\/storage\/2026\/04\/image-100-380x285.png 380w, https:\/\/www.pbagora.com.br\/storage\/2026\/04\/image-100-80x60.png 80w, https:\/\/www.pbagora.com.br\/storage\/2026\/04\/image-100-600x450.png 600w, https:\/\/www.pbagora.com.br\/storage\/2026\/04\/image-100-520x390.png 520w, https:\/\/www.pbagora.com.br\/storage\/2026\/04\/image-100-760x570.png 760w\" sizes=\"auto, (max-width: 768px) 100vw, 768px\" title=\"\"><\/p>Nesta quinta-feira (16), a Pol\u00edcia Federal deflagrou a Opera\u00e7\u00e3o Guardi\u00e3o Digital V, com o objetivo de reprimir pr\u00e1ticas\u2026<\/div><div class=\"advgb-post-readmore\"><a href=\"https:\/\/sindaopcpb.org.br\/index.php\/2026\/04\/16\/pf-cumpre-mandado-em-araruna-em-acao-contra-exploracao-sexual-infantojuvenil\/\">Leia mais<\/a><\/div><\/div><\/div><\/article><article class=\"advgb-recent-post advgb-recent-post--no-image\"><div class=\"advgb-post-wrapper\"><h2 class=\"advgb-post-title\"><a href=\"https:\/\/sindaopcpb.org.br\/index.php\/2026\/04\/16\/operacao-conjunta-desarticula-organizacao-criminosa-que-comercializava-armas-ilegais-na-capital\/\">Opera\u00e7\u00e3o conjunta desarticula organiza\u00e7\u00e3o criminosa que comercializava armas ilegais na capital<\/a><\/h2><div class=\"advgb-post-content\"><div class=\"advgb-post-excerpt\"><p><img loading=\"lazy\" decoding=\"async\" width=\"1024\" height=\"576\" src=\"https:\/\/www.pbagora.com.br\/storage\/2026\/04\/WhatsApp-Image-2026-04-16-at-06.23.07-1024x576.jpeg\" class=\"attachment-large size-large wp-post-image\" alt=\"\" srcset=\"https:\/\/www.pbagora.com.br\/storage\/2026\/04\/WhatsApp-Image-2026-04-16-at-06.23.07-1024x576.jpeg 1024w, https:\/\/www.pbagora.com.br\/storage\/2026\/04\/WhatsApp-Image-2026-04-16-at-06.23.07-300x169.jpeg 300w, https:\/\/www.pbagora.com.br\/storage\/2026\/04\/WhatsApp-Image-2026-04-16-at-06.23.07-150x84.jpeg 150w, https:\/\/www.pbagora.com.br\/storage\/2026\/04\/WhatsApp-Image-2026-04-16-at-06.23.07-768x432.jpeg 768w, https:\/\/www.pbagora.com.br\/storage\/2026\/04\/WhatsApp-Image-2026-04-16-at-06.23.07-1536x864.jpeg 1536w, https:\/\/www.pbagora.com.br\/storage\/2026\/04\/WhatsApp-Image-2026-04-16-at-06.23.07-380x214.jpeg 380w, https:\/\/www.pbagora.com.br\/storage\/2026\/04\/WhatsApp-Image-2026-04-16-at-06.23.07-800x450.jpeg 800w, https:\/\/www.pbagora.com.br\/storage\/2026\/04\/WhatsApp-Image-2026-04-16-at-06.23.07-1160x653.jpeg 1160w, https:\/\/www.pbagora.com.br\/storage\/2026\/04\/WhatsApp-Image-2026-04-16-at-06.23.07-80x46.jpeg 80w, https:\/\/www.pbagora.com.br\/storage\/2026\/04\/WhatsApp-Image-2026-04-16-at-06.23.07-760x428.jpeg 760w, https:\/\/www.pbagora.com.br\/storage\/2026\/04\/WhatsApp-Image-2026-04-16-at-06.23.07-600x338.jpeg 600w, https:\/\/www.pbagora.com.br\/storage\/2026\/04\/WhatsApp-Image-2026-04-16-at-06.23.07.jpeg 1600w\" sizes=\"auto, (max-width: 1024px) 100vw, 1024px\" title=\"\"><\/p>Uma opera\u00e7\u00e3o integrada das for\u00e7as de seguran\u00e7a desarticulou, ontem (15), uma organiza\u00e7\u00e3o criminosa especializada na comercializa\u00e7\u00e3o ilegal de\u2026<\/div><div class=\"advgb-post-readmore\"><a href=\"https:\/\/sindaopcpb.org.br\/index.php\/2026\/04\/16\/operacao-conjunta-desarticula-organizacao-criminosa-que-comercializava-armas-ilegais-na-capital\/\">Leia mais<\/a><\/div><\/div><\/div><\/article><article class=\"advgb-recent-post advgb-recent-post--no-image\"><div class=\"advgb-post-wrapper\"><h2 class=\"advgb-post-title\"><a href=\"https:\/\/sindaopcpb.org.br\/index.php\/2026\/04\/16\/policia-militar-prende-suspeito-apos-roubo-no-bairro-de-varzea-nova-em-santa-rita\/\">Pol\u00edcia Militar prende suspeito ap\u00f3s roubo no bairro de V\u00e1rzea Nova, em Santa Rita<\/a><\/h2><div class=\"advgb-post-content\"><div class=\"advgb-post-excerpt\"><p><img loading=\"lazy\" decoding=\"async\" width=\"800\" height=\"445\" src=\"https:\/\/www.pbagora.com.br\/storage\/2026\/04\/WhatsApp-Image-2026-04-15-at-20.32.41-800x445-1.png\" class=\"attachment-large size-large wp-post-image\" alt=\"\" srcset=\"https:\/\/www.pbagora.com.br\/storage\/2026\/04\/WhatsApp-Image-2026-04-15-at-20.32.41-800x445-1.png 800w, https:\/\/www.pbagora.com.br\/storage\/2026\/04\/WhatsApp-Image-2026-04-15-at-20.32.41-800x445-1-300x167.png 300w, https:\/\/www.pbagora.com.br\/storage\/2026\/04\/WhatsApp-Image-2026-04-15-at-20.32.41-800x445-1-150x83.png 150w, https:\/\/www.pbagora.com.br\/storage\/2026\/04\/WhatsApp-Image-2026-04-15-at-20.32.41-800x445-1-768x427.png 768w, https:\/\/www.pbagora.com.br\/storage\/2026\/04\/WhatsApp-Image-2026-04-15-at-20.32.41-800x445-1-380x211.png 380w, https:\/\/www.pbagora.com.br\/storage\/2026\/04\/WhatsApp-Image-2026-04-15-at-20.32.41-800x445-1-80x46.png 80w, https:\/\/www.pbagora.com.br\/storage\/2026\/04\/WhatsApp-Image-2026-04-15-at-20.32.41-800x445-1-760x423.png 760w, https:\/\/www.pbagora.com.br\/storage\/2026\/04\/WhatsApp-Image-2026-04-15-at-20.32.41-800x445-1-600x334.png 600w\" sizes=\"auto, (max-width: 800px) 100vw, 800px\" title=\"\"><\/p>Na noite de ontem (15), policiais da For\u00e7a T\u00e1tica do 7\u00ba Batalh\u00e3o prenderam um indiv\u00edduo suspeito de envolvimento\u2026<\/div><div class=\"advgb-post-readmore\"><a href=\"https:\/\/sindaopcpb.org.br\/index.php\/2026\/04\/16\/policia-militar-prende-suspeito-apos-roubo-no-bairro-de-varzea-nova-em-santa-rita\/\">Leia mais<\/a><\/div><\/div><\/div><\/article><article class=\"advgb-recent-post advgb-recent-post--no-image\"><div class=\"advgb-post-wrapper\"><h2 class=\"advgb-post-title\"><a href=\"https:\/\/sindaopcpb.org.br\/index.php\/2026\/04\/15\/caminhao-colide-com-muro-do-caps-iii-em-cg-secretaria-assegura-continuidade-dos-servicos\/\">Caminh\u00e3o colide com muro do CAPS III em CG; secretaria assegura continuidade dos servi\u00e7os<\/a><\/h2><div class=\"advgb-post-content\"><div class=\"advgb-post-excerpt\"><p><img loading=\"lazy\" decoding=\"async\" width=\"783\" height=\"630\" src=\"https:\/\/www.pbagora.com.br\/storage\/2026\/04\/image-98.png\" class=\"attachment-large size-large wp-post-image\" alt=\"\" srcset=\"https:\/\/www.pbagora.com.br\/storage\/2026\/04\/image-98.png 783w, https:\/\/www.pbagora.com.br\/storage\/2026\/04\/image-98-300x241.png 300w, https:\/\/www.pbagora.com.br\/storage\/2026\/04\/image-98-150x121.png 150w, https:\/\/www.pbagora.com.br\/storage\/2026\/04\/image-98-768x618.png 768w, https:\/\/www.pbagora.com.br\/storage\/2026\/04\/image-98-380x306.png 380w, https:\/\/www.pbagora.com.br\/storage\/2026\/04\/image-98-80x64.png 80w, https:\/\/www.pbagora.com.br\/storage\/2026\/04\/image-98-760x611.png 760w, https:\/\/www.pbagora.com.br\/storage\/2026\/04\/image-98-600x483.png 600w\" sizes=\"auto, (max-width: 783px) 100vw, 783px\" title=\"\"><\/p>A Secretaria Municipal de Sa\u00fade de Campina Grande informou que, na manh\u00e3 desta quarta-feira (15), um acidente envolvendo\u2026<\/div><div class=\"advgb-post-readmore\"><a href=\"https:\/\/sindaopcpb.org.br\/index.php\/2026\/04\/15\/caminhao-colide-com-muro-do-caps-iii-em-cg-secretaria-assegura-continuidade-dos-servicos\/\">Leia mais<\/a><\/div><\/div><\/div><\/article><article class=\"advgb-recent-post advgb-recent-post--no-image\"><div class=\"advgb-post-wrapper\"><h2 class=\"advgb-post-title\"><a href=\"https:\/\/sindaopcpb.org.br\/index.php\/2026\/04\/15\/operacao-narco-fluxo-expoe-tentaculos-do-crime-na-paraiba-e-leva-pf-a-hotel-de-luxo-em-jp\/\">Opera\u00e7\u00e3o Narco Fluxo exp\u00f5e tent\u00e1culos do crime na Para\u00edba e leva PF a hotel de luxo em JP<\/a><\/h2><div class=\"advgb-post-content\"><div class=\"advgb-post-excerpt\"><p><img loading=\"lazy\" decoding=\"async\" width=\"568\" height=\"435\" src=\"https:\/\/www.pbagora.com.br\/storage\/2026\/04\/Captura-de-tela-2026-04-15-115923.png\" class=\"attachment-large size-large wp-post-image\" alt=\"\" srcset=\"https:\/\/www.pbagora.com.br\/storage\/2026\/04\/Captura-de-tela-2026-04-15-115923.png 568w, https:\/\/www.pbagora.com.br\/storage\/2026\/04\/Captura-de-tela-2026-04-15-115923-300x230.png 300w, https:\/\/www.pbagora.com.br\/storage\/2026\/04\/Captura-de-tela-2026-04-15-115923-150x115.png 150w, https:\/\/www.pbagora.com.br\/storage\/2026\/04\/Captura-de-tela-2026-04-15-115923-380x291.png 380w, https:\/\/www.pbagora.com.br\/storage\/2026\/04\/Captura-de-tela-2026-04-15-115923-80x60.png 80w\" sizes=\"auto, (max-width: 568px) 100vw, 568px\" title=\"\"><\/p>A Opera\u00e7\u00e3o Narco Fluxo, deflagrada pela Pol\u00edcia Federal na manh\u00e3 desta quarta-feira (15), revelou que o esquema de\u2026<\/div><div class=\"advgb-post-readmore\"><a href=\"https:\/\/sindaopcpb.org.br\/index.php\/2026\/04\/15\/operacao-narco-fluxo-expoe-tentaculos-do-crime-na-paraiba-e-leva-pf-a-hotel-de-luxo-em-jp\/\">Leia mais<\/a><\/div><\/div><\/div><\/article><article class=\"advgb-recent-post advgb-recent-post--no-image\"><div class=\"advgb-post-wrapper\"><h2 class=\"advgb-post-title\"><a href=\"https:\/\/sindaopcpb.org.br\/index.php\/2026\/04\/15\/policia-civil-da-pb-devolve-500-celulares-em-nova-etapa-da-operacao-recupera\/\">Pol\u00edcia Civil da PB devolve 500 celulares em nova etapa da Opera\u00e7\u00e3o Recupera<\/a><\/h2><div class=\"advgb-post-content\"><div class=\"advgb-post-excerpt\"><p><img loading=\"lazy\" decoding=\"async\" width=\"1024\" height=\"768\" src=\"https:\/\/www.pbagora.com.br\/storage\/2026\/04\/WhatsApp-Image-2026-04-15-at-11.02.22-1024x768.jpeg\" class=\"attachment-large size-large wp-post-image\" alt=\"\" srcset=\"https:\/\/www.pbagora.com.br\/storage\/2026\/04\/WhatsApp-Image-2026-04-15-at-11.02.22-1024x768.jpeg 1024w, https:\/\/www.pbagora.com.br\/storage\/2026\/04\/WhatsApp-Image-2026-04-15-at-11.02.22-300x225.jpeg 300w, https:\/\/www.pbagora.com.br\/storage\/2026\/04\/WhatsApp-Image-2026-04-15-at-11.02.22-150x113.jpeg 150w, https:\/\/www.pbagora.com.br\/storage\/2026\/04\/WhatsApp-Image-2026-04-15-at-11.02.22-768x576.jpeg 768w, https:\/\/www.pbagora.com.br\/storage\/2026\/04\/WhatsApp-Image-2026-04-15-at-11.02.22-1536x1152.jpeg 1536w, https:\/\/www.pbagora.com.br\/storage\/2026\/04\/WhatsApp-Image-2026-04-15-at-11.02.22-200x150.jpeg 200w, https:\/\/www.pbagora.com.br\/storage\/2026\/04\/WhatsApp-Image-2026-04-15-at-11.02.22-260x195.jpeg 260w, https:\/\/www.pbagora.com.br\/storage\/2026\/04\/WhatsApp-Image-2026-04-15-at-11.02.22-380x285.jpeg 380w, https:\/\/www.pbagora.com.br\/storage\/2026\/04\/WhatsApp-Image-2026-04-15-at-11.02.22-800x600.jpeg 800w, https:\/\/www.pbagora.com.br\/storage\/2026\/04\/WhatsApp-Image-2026-04-15-at-11.02.22-1160x870.jpeg 1160w, https:\/\/www.pbagora.com.br\/storage\/2026\/04\/WhatsApp-Image-2026-04-15-at-11.02.22-80x60.jpeg 80w, https:\/\/www.pbagora.com.br\/storage\/2026\/04\/WhatsApp-Image-2026-04-15-at-11.02.22-600x450.jpeg 600w, https:\/\/www.pbagora.com.br\/storage\/2026\/04\/WhatsApp-Image-2026-04-15-at-11.02.22-520x390.jpeg 520w, https:\/\/www.pbagora.com.br\/storage\/2026\/04\/WhatsApp-Image-2026-04-15-at-11.02.22-760x570.jpeg 760w, https:\/\/www.pbagora.com.br\/storage\/2026\/04\/WhatsApp-Image-2026-04-15-at-11.02.22.jpeg 1600w\" sizes=\"auto, (max-width: 1024px) 100vw, 1024px\" title=\"\"><\/p>A Pol\u00edcia Civil da Para\u00edba realizou, nesta quarta-feira (15), mais uma grande entrega de aparelhos celulares roubados ou\u2026<\/div><div class=\"advgb-post-readmore\"><a href=\"https:\/\/sindaopcpb.org.br\/index.php\/2026\/04\/15\/policia-civil-da-pb-devolve-500-celulares-em-nova-etapa-da-operacao-recupera\/\">Leia mais<\/a><\/div><\/div><\/div><\/article><\/div><\/div>","protected":false},"excerpt":{"rendered":"<p>Conte\u00fado exclusivo apenas para membros!<\/p>\n","protected":false},"author":1,"featured_media":0,"parent":0,"menu_order":0,"comment_status":"closed","ping_status":"closed","template":"","meta":{"advgb_blocks_editor_width":"default","advgb_blocks_columns_visual_guide":"","footnotes":""},"class_list":["post-244","page","type-page","status-publish","hentry"],"coauthors":[],"author_meta":{"author_link":"https:\/\/sindaopcpb.org.br\/author\/orlandopassos\/","display_name":"OrlandoPassos"},"relative_dates":{"created":"Publicado 4 anos atr\u00e1s","modified":"Atualizado 4 anos atr\u00e1s"},"absolute_dates":{"created":"Publicado em 5 de julho de 2022","modified":"Atualizado em 5 de julho de 2022"},"absolute_dates_time":{"created":"Publicado em 5 de julho de 2022 15:06","modified":"Atualizado em 5 de julho de 2022 20:32"},"featured_img_caption":"","featured_img":false,"series_order":"","_links":{"self":[{"href":"https:\/\/sindaopcpb.org.br\/index.php\/wp-json\/wp\/v2\/pages\/244","targetHints":{"allow":["GET"]}}],"collection":[{"href":"https:\/\/sindaopcpb.org.br\/index.php\/wp-json\/wp\/v2\/pages"}],"about":[{"href":"https:\/\/sindaopcpb.org.br\/index.php\/wp-json\/wp\/v2\/types\/page"}],"author":[{"embeddable":true,"href":"https:\/\/sindaopcpb.org.br\/index.php\/wp-json\/wp\/v2\/users\/1"}],"replies":[{"embeddable":true,"href":"https:\/\/sindaopcpb.org.br\/index.php\/wp-json\/wp\/v2\/comments?post=244"}],"version-history":[{"count":3,"href":"https:\/\/sindaopcpb.org.br\/index.php\/wp-json\/wp\/v2\/pages\/244\/revisions"}],"predecessor-version":[{"id":439,"href":"https:\/\/sindaopcpb.org.br\/index.php\/wp-json\/wp\/v2\/pages\/244\/revisions\/439"}],"wp:attachment":[{"href":"https:\/\/sindaopcpb.org.br\/index.php\/wp-json\/wp\/v2\/media?parent=244"}],"curies":[{"name":"wp","href":"https:\/\/api.w.org\/{rel}","templated":true}]}}