{"id":230,"date":"2022-07-05T10:47:57","date_gmt":"2022-07-05T13:47:57","guid":{"rendered":"https:\/\/sindaopcpb.org.br\/?page_id=230"},"modified":"2022-07-06T00:00:18","modified_gmt":"2022-07-06T03:00:18","slug":"junte-se-a-nos","status":"publish","type":"page","link":"https:\/\/sindaopcpb.org.br\/index.php\/junte-se-a-nos\/","title":{"rendered":"Cadastro de Filia\u00e7\u00e3o"},"content":{"rendered":"\n<p>Junte-se a n\u00f3s, seja sindicalizado e fortale\u00e7a a categoria, juntos somos mais fortes!!!<\/p>\n\n\n\n<p>Preencha o formul\u00e1rio  a baixo para dar inicio a sua sindicaliza\u00e7\u00e3o.<\/p>\n\n\n\n\n<div class=\"um um-register um-219\">\n\t<div class=\"um-form\" data-mode=\"register\">\n\t\t<form method=\"post\" action=\"\">\n\t\t\t<div class=\"um-row _um_row_1 \" style=\"margin: 0 0 30px 0;\"><div class=\"um-col-1\"><div  id=\"um_field_219_user_email\" class=\"um-field um-field-text  um-field-user_email um-field-text um-field-type_text\" data-key=\"user_email\"><div class=\"um-field-label\"><label for=\"user_email-219\">E-mail<span class=\"um-req\" title=\"Required\">*<\/span><\/label><div class=\"um-clear\"><\/div><\/div><div class=\"um-field-area\"><input  autocomplete=\"off\" class=\"um-form-field valid \" type=\"text\" name=\"user_email-219\" id=\"user_email-219\" value=\"\" placeholder=\"\" data-validate=\"unique_email\" data-key=\"user_email\"  aria-invalid=\"false\" \/>\n\n\t\t\t\t\t\t<\/div><\/div><div  id=\"um_field_219_user_password\" class=\"um-field um-field-password  um-field-user_password um-field-password um-field-type_password\" data-key=\"user_password\"><div class=\"um-field-label\"><label for=\"user_password-219\">Senha<span class=\"um-req\" title=\"Required\">*<\/span><\/label><div class=\"um-clear\"><\/div><\/div><div class=\"um-field-area\"><input class=\"um-form-field valid \" type=\"password\" name=\"user_password-219\" id=\"user_password-219\" value=\"\" placeholder=\"\" data-validate=\"\" data-key=\"user_password\"  aria-invalid=\"false\" \/>\n\n\t\t\t\t\t\t\t<\/div><\/div><div  id=\"um_field_219_confirm_user_password\" class=\"um-field um-field-password  um-field-user_password um-field-password um-field-type_password\" data-key=\"confirm_user_password\"><div class=\"um-field-label\"><label for=\"confirm_user_password-219\">Confirm Password<span class=\"um-req\" title=\"Required\">*<\/span><\/label><div class=\"um-clear\"><\/div><\/div><div class=\"um-field-area\"><input class=\"um-form-field valid \" type=\"password\" name=\"confirm_user_password-219\" id=\"confirm_user_password-219\" value=\"\" placeholder=\"Confirm Password\" data-validate=\"\" data-key=\"confirm_user_password\"  aria-invalid=\"false\" \/><\/div><\/div><div  id=\"um_field_219_user_login\" class=\"um-field um-field-text  um-field-user_login um-field-text um-field-type_text\" data-key=\"user_login\"><div class=\"um-field-label\"><label for=\"user_login-219\">Matricula<span class=\"um-req\" title=\"Required\">*<\/span><\/label><div class=\"um-clear\"><\/div><\/div><div class=\"um-field-area\"><input  autocomplete=\"off\" class=\"um-form-field valid \" type=\"text\" name=\"user_login-219\" id=\"user_login-219\" value=\"\" placeholder=\"\" data-validate=\"unique_username\" data-key=\"user_login\"  aria-invalid=\"false\" \/>\n\n\t\t\t\t\t\t<\/div><\/div><div  id=\"um_field_219_first_name\" class=\"um-field um-field-text  um-field-first_name um-field-text um-field-type_text\" data-key=\"first_name\"><div class=\"um-field-label\"><label for=\"first_name-219\">Nome completo<span class=\"um-req\" title=\"Required\">*<\/span><\/label><div class=\"um-clear\"><\/div><\/div><div class=\"um-field-area\"><input  autocomplete=\"off\" class=\"um-form-field valid \" type=\"text\" name=\"first_name-219\" id=\"first_name-219\" value=\"\" placeholder=\"\" data-validate=\"\" data-key=\"first_name\"  aria-invalid=\"false\" \/>\n\n\t\t\t\t\t\t<\/div><\/div><div  id=\"um_field_219_RG\" class=\"um-field um-field-number  um-field-RG um-field-number um-field-type_number\" data-key=\"RG\"><div class=\"um-field-label\"><label for=\"RG-219\">RG<span class=\"um-req\" title=\"Required\">*<\/span><\/label><div class=\"um-clear\"><\/div><\/div><div class=\"um-field-area\"><input  class=\"um-form-field valid \" type=\"number\" name=\"RG-219\" id=\"RG-219\" value=\"\" placeholder=\"\" data-validate=\"\" data-key=\"RG\"   aria-invalid=\"false\" \/>\n\n\t\t\t\t\t\t<\/div><\/div><div  id=\"um_field_219_CPF\" class=\"um-field um-field-number  um-field-CPF um-field-number um-field-type_number\" data-key=\"CPF\"><div class=\"um-field-label\"><label for=\"CPF-219\">CPF<span class=\"um-req\" title=\"Required\">*<\/span><\/label><div class=\"um-clear\"><\/div><\/div><div class=\"um-field-area\"><input  class=\"um-form-field valid \" type=\"number\" name=\"CPF-219\" id=\"CPF-219\" value=\"\" placeholder=\"\" data-validate=\"numeric\" data-key=\"CPF\"   aria-invalid=\"false\" \/>\n\n\t\t\t\t\t\t<\/div><\/div><div  id=\"um_field_219_Estado_Civil_\" class=\"um-field um-field-text  um-field-Estado_Civil_ um-field-text um-field-type_text\" data-key=\"Estado_Civil_\"><div class=\"um-field-label\"><label for=\"Estado_Civil_-219\">Estado Civil<span class=\"um-req\" title=\"Required\">*<\/span><\/label><div class=\"um-clear\"><\/div><\/div><div class=\"um-field-area\"><input  autocomplete=\"off\" class=\"um-form-field valid \" type=\"text\" name=\"Estado_Civil_-219\" id=\"Estado_Civil_-219\" value=\"\" placeholder=\"\" data-validate=\"\" data-key=\"Estado_Civil_\"  aria-invalid=\"false\" \/>\n\n\t\t\t\t\t\t<\/div><\/div><div  id=\"um_field_219_birth_date\" class=\"um-field um-field-date  um-field-birth_date um-field-date um-field-type_date\" data-key=\"birth_date\"><div class=\"um-field-label\"><div class=\"um-field-label-icon\"><i class=\"um-faicon-calendar\" aria-label=\"Data de nascimento\"><\/i><\/div><label for=\"birth_date-219\">Data de nascimento<span class=\"um-req\" title=\"Required\">*<\/span><\/label><div class=\"um-clear\"><\/div><\/div><div class=\"um-field-area\"><input   class=\"um-form-field valid um-datepicker \" type=\"text\" name=\"birth_date-219\" id=\"birth_date-219\" value=\"\" placeholder=\"\" data-validate=\"\" data-key=\"birth_date\" data-range=\"years\" data-years=\"115\" data-years_x=\"past\" data-disabled_weekdays=\"\" data-date_min=\"1911,4,13\" data-date_max=\"2026,4,13\" data-format=\"d mmm yyyy\" data-value=\"\"  aria-invalid=\"false\" \/>\n\n\t\t\t\t\t\t<\/div><\/div><div  id=\"um_field_219_whatsapp\" class=\"um-field um-field-text  um-field-whatsapp um-field-text um-field-type_text\" data-key=\"whatsapp\"><div class=\"um-field-label\"><div class=\"um-field-label-icon\"><i class=\"um-icon-social-whatsapp\" aria-label=\"Celular WhatsApp\"><\/i><\/div><label for=\"whatsapp-219\">Celular WhatsApp<span class=\"um-req\" title=\"Required\">*<\/span><\/label><span class=\"um-tip um-tip-w\" title=\"Digite em formato internacional Ex.: +55839.1234-5678\"><i class=\"um-icon-help-circled\"><\/i><\/span><div class=\"um-clear\"><\/div><\/div><div class=\"um-field-area\"><input  autocomplete=\"off\" class=\"um-form-field valid \" type=\"text\" name=\"whatsapp-219\" id=\"whatsapp-219\" value=\"+55\" placeholder=\"+55839.9999-9999\" data-validate=\"phone_number\" data-key=\"whatsapp\"  aria-invalid=\"false\" \/>\n\n\t\t\t\t\t\t<\/div><\/div><\/div><div class=\"um-col-1\"><div  id=\"um_field_219_Endereco\" class=\"um-field um-field-textarea  um-field-Endereco um-field-textarea um-field-type_textarea\" data-key=\"Endereco\"><div class=\"um-field-label\"><label for=\"Endereco-219\">Endere\u00e7o<\/label><div class=\"um-clear\"><\/div><\/div><div class=\"um-field-area\"><textarea    style=\"height: 100px;\" class=\"um-form-field valid not-required \" name=\"Endereco\" id=\"Endereco\" placeholder=\"Bairro, Rua e Numero\"  aria-invalid=\"false\" ><\/textarea><\/div><\/div><div  id=\"um_field_219_Cidade\" class=\"um-field um-field-text  um-field-Cidade um-field-text um-field-type_text\" data-key=\"Cidade\"><div class=\"um-field-label\"><label for=\"Cidade-219\">Cidade<\/label><div class=\"um-clear\"><\/div><\/div><div class=\"um-field-area\"><input  autocomplete=\"off\" class=\"um-form-field valid not-required \" type=\"text\" name=\"Cidade-219\" id=\"Cidade-219\" value=\"\" placeholder=\"\" data-validate=\"\" data-key=\"Cidade\"  aria-invalid=\"false\" \/>\n\n\t\t\t\t\t\t<\/div><\/div><div  id=\"um_field_219_Estado\" class=\"um-field um-field-select  um-field-Estado um-field-select um-field-type_select\" data-key=\"Estado\"><div class=\"um-field-label\"><label for=\"Estado-219\">Estado<\/label><div class=\"um-clear\"><\/div><\/div><div class=\"um-field-area  \"><select data-default=\"\"     name=\"Estado\" id=\"Estado\" data-validate=\"\" data-key=\"Estado\" class=\"um-form-field valid not-required um-s1 \" style=\"width: 100%\" data-placeholder=\"\"   aria-invalid=\"false\" ><option value=\"\"><\/option><option value=\"Acre - AC\" >Acre - AC<\/option><option value=\"Alagoas - AL\" >Alagoas - AL<\/option><option value=\"Amap\u00e1 - AP\" >Amap\u00e1 - AP<\/option><option value=\"Amazonas - AM\" >Amazonas - AM<\/option><option value=\"Bahia - BA\" >Bahia - BA<\/option><option value=\"Cear\u00e1 - CE\" >Cear\u00e1 - CE<\/option><option value=\"Distrito Federal - DF\" >Distrito Federal - DF<\/option><option value=\"Esp\u00edrito Santo - ES\" >Esp\u00edrito Santo - ES<\/option><option value=\"Goi\u00e1s - GO\" >Goi\u00e1s - GO<\/option><option value=\"Maranh\u00e3o - MA\" >Maranh\u00e3o - MA<\/option><option value=\"Mato Grosso - MT\" >Mato Grosso - MT<\/option><option value=\"Mato Grosso do Sul - MS\" >Mato Grosso do Sul - MS<\/option><option value=\"Minas Gerais - MG\" >Minas Gerais - MG<\/option><option value=\"Par\u00e1 - PA\" >Par\u00e1 - PA<\/option><option value=\"Para\u00edba - PB\" >Para\u00edba - PB<\/option><option value=\"Paran\u00e1 - PR\" >Paran\u00e1 - PR<\/option><option value=\"Pernambuco - PE\" >Pernambuco - PE<\/option><option value=\"Piau\u00ed - PI\" >Piau\u00ed - PI<\/option><option value=\"Rio de Janeiro - RJ\" >Rio de Janeiro - RJ<\/option><option value=\"Rio Grande do Norte - RN\" >Rio Grande do Norte - RN<\/option><option value=\"Rio Grande do Sul - RS\" >Rio Grande do Sul - RS<\/option><option value=\"Rond\u00f4nia - RO\" >Rond\u00f4nia - RO<\/option><option value=\"Roraima - RR\" >Roraima - RR<\/option><option value=\"Santa Catarina - SC\" >Santa Catarina - SC<\/option><option value=\"S\u00e3o Paulo - SP\" >S\u00e3o Paulo - SP<\/option><option value=\"Sergipe - SE\" >Sergipe - SE<\/option><option value=\"Tocantins - TO\" >Tocantins - TO<\/option><\/select><\/div><\/div><div  id=\"um_field_219_CEP\" class=\"um-field um-field-number  um-field-CEP um-field-number um-field-type_number\" data-key=\"CEP\"><div class=\"um-field-label\"><label for=\"CEP-219\">CEP<\/label><div class=\"um-clear\"><\/div><\/div><div class=\"um-field-area\"><input  class=\"um-form-field valid not-required \" type=\"number\" name=\"CEP-219\" id=\"CEP-219\" value=\"\" placeholder=\"\" data-validate=\"\" data-key=\"CEP\"   aria-invalid=\"false\" \/>\n\n\t\t\t\t\t\t<\/div><\/div><div  id=\"um_field_219_Unidade_de_atuacao\" class=\"um-field um-field-text  um-field-Unidade_de_atuacao um-field-text um-field-type_text\" data-key=\"Unidade_de_atuacao\"><div class=\"um-field-label\"><label for=\"Unidade_de_atuacao-219\">Unidade de atua\u00e7\u00e3o<\/label><div class=\"um-clear\"><\/div><\/div><div class=\"um-field-area\"><input  autocomplete=\"off\" class=\"um-form-field valid not-required \" type=\"text\" name=\"Unidade_de_atuacao-219\" id=\"Unidade_de_atuacao-219\" value=\"\" placeholder=\"\" data-validate=\"\" data-key=\"Unidade_de_atuacao\"  aria-invalid=\"false\" \/>\n\n\t\t\t\t\t\t<\/div><\/div><\/div><\/div>\n<!-- This file should primarily consist of HTML with a little bit of PHP. -->\n<div class=\"um-field um-field-type_terms_conditions\" data-key=\"use_terms_conditions_agreement\" style=\"display:block;padding:0;\">\n\t<div class=\"um-field-area\">\n\t\t<div class=\"um-gdpr-content\" style=\"display:none;\">\n\t\t\t\n<h2 class=\"wp-block-heading advgb-dyn-cdf9e8fd\"><strong>Quem somos<\/strong><\/h2>\n\n\n\n<p>Somos o Sindicato dos Agentes Operacionais de Pol\u00edcia Civil da Para\u00edba &#8211; SINDAO-PCPB, <\/p>\n\n\n\n<p>Fundado em 18 de dezembro de 2017, <\/p>\n\n\n\n<p>CNPJ: 34.190.786\/0001-79, <\/p>\n\n\n\n<p>Endere\u00e7o: Av. General Osorio 90, sala 04, centro, Jo\u00e3o Pessoa \u2013 PB, CEP: 58.010-780, <\/p>\n\n\n\n<p>Fone: +55(83)9.9969-7243 <\/p>\n\n\n\n<p>e-Mail: contato@sindaopcpb.org.br<\/p>\n\n\n\n<p>Website: <a href=\"https:\/\/sindaopcpb.org.br\">https:\/\/sindaopcpb.org.br<\/a><\/p>\n\n\n\n<h2 class=\"wp-block-heading advgb-dyn-bc334597\"><strong>Coment\u00e1rios<\/strong><\/h2>\n\n\n\n<p>Quando os visitantes deixam coment\u00e1rios no site, coletamos os dados mostrados no formul\u00e1rio de coment\u00e1rios, al\u00e9m do endere\u00e7o de IP e de dados do navegador do visitante, para auxiliar na detec\u00e7\u00e3o de spam.<\/p>\n\n\n\n<p><\/p>\n\n\n\n<h2 class=\"wp-block-heading advgb-dyn-9a738bfd\"><strong>M\u00eddia<\/strong><\/h2>\n\n\n\n<p>Se voc\u00ea envia imagens para o site, evite enviar as que contenham dados de localiza\u00e7\u00e3o incorporados (EXIF GPS). Visitantes podem baixar estas imagens do site e extrair delas seus dados de localiza\u00e7\u00e3o.<\/p>\n\n\n\n<h2 class=\"wp-block-heading advgb-dyn-efd5bba9\"><strong>Cookies<\/strong><\/h2>\n\n\n\n<p>Ao deixar um coment\u00e1rio no site, voc\u00ea poder\u00e1 optar por salvar seu nome, e-mail e site nos cookies. Isso visa seu conforto, assim voc\u00ea n\u00e3o precisar\u00e1 preencher seus dados novamente quando fizer outro coment\u00e1rio. Estes cookies duram um ano.<\/p>\n\n\n\n<p>Se voc\u00ea tem uma conta e acessa este site, um cookie tempor\u00e1rio ser\u00e1 criado para determinar se seu navegador aceita cookies. Ele n\u00e3o cont\u00e9m nenhum dado pessoal e ser\u00e1 descartado quando voc\u00ea fechar seu navegador.<\/p>\n\n\n\n<p>Quando voc\u00ea acessa sua conta no site, tamb\u00e9m criamos v\u00e1rios cookies para salvar os dados da sua conta e suas escolhas de exibi\u00e7\u00e3o de tela. Cookies de login s\u00e3o mantidos por dois dias e cookies de op\u00e7\u00f5es de tela por um ano. Se voc\u00ea selecionar \u201cLembrar-me\u201d, seu acesso ser\u00e1 mantido por duas semanas. Se voc\u00ea se desconectar da sua conta, os cookies de login ser\u00e3o removidos.<\/p>\n\n\n\n<p>Se voc\u00ea editar ou publicar um artigo, um cookie adicional ser\u00e1 salvo no seu navegador. Este cookie n\u00e3o inclui nenhum dado pessoal e simplesmente indica o ID do post referente ao artigo que voc\u00ea acabou de editar. Ele expira depois de 1 dia.<\/p>\n\n\n\n<h2 class=\"wp-block-heading advgb-dyn-19abf449\"><strong>M\u00eddia incorporada de outros sites<\/strong><\/h2>\n\n\n\n<p>Artigos neste site podem incluir conte\u00fado incorporado como, por exemplo, v\u00eddeos, imagens, artigos, etc. Conte\u00fados incorporados de outros sites se comportam exatamente da mesma forma como se o visitante estivesse visitando o outro site.<\/p>\n\n\n\n<p>Estes sites podem coletar dados sobre voc\u00ea, usar cookies, incorporar rastreamento adicional de terceiros e monitorar sua intera\u00e7\u00e3o com este conte\u00fado incorporado, incluindo sua intera\u00e7\u00e3o com o conte\u00fado incorporado se voc\u00ea tem uma conta e est\u00e1 conectado com o site.<\/p>\n\n\n\n<h2 class=\"wp-block-heading advgb-dyn-71e3657f\"><strong>Com quem partilhamos seus dados<\/strong><\/h2>\n\n\n\n<p>Se voc\u00ea solicitar uma redefini\u00e7\u00e3o de senha, seu endere\u00e7o de IP ser\u00e1 inclu\u00eddo no e-mail de redefini\u00e7\u00e3o de senha.<\/p>\n\n\n\n<h2 class=\"wp-block-heading advgb-dyn-b24fc8fe\"><strong>Por quanto tempo mantemos os seus dados<\/strong><\/h2>\n\n\n\n<p>Se voc\u00ea deixar um coment\u00e1rio, o coment\u00e1rio e os seus metadados s\u00e3o conservados indefinidamente. Fazemos isso para que seja poss\u00edvel reconhecer e aprovar automaticamente qualquer coment\u00e1rio posterior ao inv\u00e9s de ret\u00ea-lo para modera\u00e7\u00e3o.<\/p>\n\n\n\n<p>Para usu\u00e1rios que se registram no nosso site (se houver), tamb\u00e9m guardamos as informa\u00e7\u00f5es pessoais que fornecem no seu perfil de usu\u00e1rio. Todos os usu\u00e1rios podem ver, editar ou excluir suas informa\u00e7\u00f5es pessoais a qualquer momento (s\u00f3 n\u00e3o \u00e9 poss\u00edvel alterar o seu username). Os administradores de sites tamb\u00e9m podem ver e editar estas informa\u00e7\u00f5es.<\/p>\n\n\n\n<h2 class=\"wp-block-heading advgb-dyn-4f2500e3\"><strong>Quais os seus direitos sobre seus dados<\/strong><\/h2>\n\n\n\n<p>Se voc\u00ea tiver uma conta neste site ou se tiver deixado coment\u00e1rios, pode solicitar um arquivo exportado dos dados pessoais que mantemos sobre voc\u00ea, inclusive quaisquer dados que nos tenha fornecido. Tamb\u00e9m pode solicitar que removamos qualquer dado pessoal que mantemos sobre voc\u00ea. Isto n\u00e3o inclui nenhuns dados que somos obrigados a manter para prop\u00f3sitos administrativos, legais ou de seguran\u00e7a.<\/p>\n\n\n\n<h2 class=\"wp-block-heading advgb-dyn-8a097fbc\"><strong>Para onde enviamos seus dados<\/strong><\/h2>\n\n\n\n<p>Coment\u00e1rios de visitantes podem ser marcados por um servi\u00e7o autom\u00e1tico de detec\u00e7\u00e3o de spam.<\/p>\n\t\t<\/div>\n\t\t<a href=\"javascript:void(0);\" class=\"um-toggle-gdpr\" data-toggle-state=\"hidden\"\n\t\t\tdata-toggle-show=\"Mostrar &quot;Politica de Privacidade&quot;\"\n\t\t\tdata-toggle-hide=\"Ocultar &quot;Politica de Privacidade&quot;\">\n\t\t\tMostrar &quot;Politica de Privacidade&quot;\t\t<\/a>\n\t<\/div>\n\t<div class=\"um-field-area\">\n\t\t<label class=\"um-field-checkbox\">\n\t\t\t<input type=\"checkbox\" name=\"use_gdpr_agreement\" value=\"1\">\n\t\t\t<span class=\"um-field-checkbox-state\"><i class=\"um-icon-android-checkbox-outline-blank\"><\/i><\/span>\n\t\t\t<span class=\"um-field-checkbox-option\">Por favor, confirme que voc\u00ea concorda com nossa pol\u00edtica de privacidade<\/span>\n\t\t<\/label>\n\t\t<div class=\"um-clear\"><\/div>\n\t\t\t\t<div class=\"um-clear\"><\/div>\n\t<\/div>\n<\/div>\n\t<input type=\"hidden\" name=\"form_id\" id=\"form_id_219\" value=\"219\" \/>\n\t\t<p class=\"um_request_name\">\n\t\t<label for=\"um_request_219\">Only fill in if you are not human<\/label>\n\t\t<input type=\"hidden\" name=\"um_request\" id=\"um_request_219\" class=\"input\" value=\"\" size=\"25\" autocomplete=\"off\" \/>\n\t<\/p>\n\t<input type=\"hidden\" id=\"_wpnonce\" name=\"_wpnonce\" value=\"413d9fb38f\" \/><input type=\"hidden\" name=\"_wp_http_referer\" value=\"\/index.php\/wp-json\/wp\/v2\/pages\/230\" \/>\n\t<div class=\"um-col-alt\">\n\n\t\t\n\t\t\t<div class=\"um-center\">\n\t\t\t\t<input type=\"submit\" value=\"Registrar\" class=\"um-button\" id=\"um-submit-btn\" \/>\n\t\t\t<\/div>\n\n\t\t\n\t\t<div class=\"um-clear\"><\/div>\n\n\t<\/div>\n\n\t\t\t<\/form>\n\t<\/div>\n<\/div>\n<style>\n\t\t\t.um-219.um {\n\t\t\tmax-width: 450px;\n\t\t}\n\t\t<\/style>\n\n","protected":false},"excerpt":{"rendered":"<p>Junte-se a n\u00f3s, seja sindicalizado e fortale\u00e7a a categoria, juntos somos mais fortes!!! Preencha o<\/p>\n","protected":false},"author":1,"featured_media":0,"parent":0,"menu_order":0,"comment_status":"closed","ping_status":"closed","template":"","meta":{"advgb_blocks_editor_width":"","advgb_blocks_columns_visual_guide":"","footnotes":""},"class_list":["post-230","page","type-page","status-publish","hentry"],"coauthors":[],"author_meta":{"author_link":"https:\/\/sindaopcpb.org.br\/author\/orlandopassos\/","display_name":"OrlandoPassos"},"relative_dates":{"created":"Publicado 4 anos atr\u00e1s","modified":"Atualizado 4 anos atr\u00e1s"},"absolute_dates":{"created":"Publicado em 5 de julho de 2022","modified":"Atualizado em 6 de julho de 2022"},"absolute_dates_time":{"created":"Publicado em 5 de julho de 2022 10:47","modified":"Atualizado em 6 de julho de 2022 00:00"},"featured_img_caption":"","featured_img":false,"series_order":"","_links":{"self":[{"href":"https:\/\/sindaopcpb.org.br\/index.php\/wp-json\/wp\/v2\/pages\/230","targetHints":{"allow":["GET"]}}],"collection":[{"href":"https:\/\/sindaopcpb.org.br\/index.php\/wp-json\/wp\/v2\/pages"}],"about":[{"href":"https:\/\/sindaopcpb.org.br\/index.php\/wp-json\/wp\/v2\/types\/page"}],"author":[{"embeddable":true,"href":"https:\/\/sindaopcpb.org.br\/index.php\/wp-json\/wp\/v2\/users\/1"}],"replies":[{"embeddable":true,"href":"https:\/\/sindaopcpb.org.br\/index.php\/wp-json\/wp\/v2\/comments?post=230"}],"version-history":[{"count":5,"href":"https:\/\/sindaopcpb.org.br\/index.php\/wp-json\/wp\/v2\/pages\/230\/revisions"}],"predecessor-version":[{"id":348,"href":"https:\/\/sindaopcpb.org.br\/index.php\/wp-json\/wp\/v2\/pages\/230\/revisions\/348"}],"wp:attachment":[{"href":"https:\/\/sindaopcpb.org.br\/index.php\/wp-json\/wp\/v2\/media?parent=230"}],"curies":[{"name":"wp","href":"https:\/\/api.w.org\/{rel}","templated":true}]}}