{"id":223,"date":"2022-07-05T10:34:52","date_gmt":"2022-07-05T13:34:52","guid":{"rendered":"https:\/\/sindaopcpb.org.br\/?page_id=223"},"modified":"2022-07-07T17:49:22","modified_gmt":"2022-07-07T20:49:22","slug":"termo-de-adesao","status":"publish","type":"page","link":"https:\/\/sindaopcpb.org.br\/index.php\/termo-de-adesao\/","title":{"rendered":"Termo de Ades\u00e3o"},"content":{"rendered":"\n<p><strong>Termos de Ades\u00e3o Sindao-PCPB.<\/strong><\/p>\n\n\n\n<p class=\"has-text-align-left\">Neste ato de filia\u00e7\u00e3o ao Sindao-PCPB \u00e9 de livre e espont\u00e2nea vontade, em harmonia com o Estatuto Social da categoria e em conson\u00e2ncia com as disposi\u00e7\u00f5es constitucionais e legais. Autorizo que seja descontado em Contra Cheque para repassa ao Sindao-PCPB a: \u201cContribui\u00e7\u00e3o Sindical Social Mensal\u201d de 2% (dois por cento), calculado sobre o vencimento do servidor: Agente Operacional de Pol\u00edcia Civil, na forma do Estatuto Social em seu Art. 9\u00ba com o artigo 8\u00ba inciso IV, da Constitui\u00e7\u00e3o Federal. Expresso ainda, a ratifica\u00e7\u00e3o da autoriza\u00e7\u00e3o estatut\u00e1ria, prevista no Estatuto Social, em conson\u00e2ncia com o inciso III, do artigo 8\u00ba, da CF, para outorgar ao Sindao-PCPB o direito de se fazer integrar como parte leg\u00edtima nos polos ativa ou passivo de quaisquer a\u00e7\u00f5es administrativas ou judiciais, individual ou coletiva que envolva os servidores integrantes da categoria e qualquer ente p\u00fablico em todas as inst\u00e2ncias e compet\u00eancias administrativas ou jurisdicionais. Esta Autoriza\u00e7\u00e3o se aplica a quaisquer fatos que impliquem em cria\u00e7\u00e3o, altera\u00e7\u00e3o, extin\u00e7\u00e3o de direitos e obriga\u00e7\u00f5es da rela\u00e7\u00e3o jur\u00eddica do servidor com a administra\u00e7\u00e3o p\u00fablica.<\/p>\n\n\n\n<p><\/p>\n\n\n\n<p class=\"has-text-align-center\">|Endere\u00e7o: Av. General Osorio 90, sala 04, centro, Jo\u00e3o Pessoa \u2013 PB, CNPJ: 34.190.786\/0001-79 |<\/p>\n\n\n\n<p class=\"has-text-align-center\">| CEP: 58.010-780, Tel. 83.99969.7243 &#8211; Email:&nbsp;<a href=\"mailto:contato@sindaopcpb.org.br\">contato@sindaopcpb.org.br<\/a> |<\/p>\n","protected":false},"excerpt":{"rendered":"<p>Termos de Ades\u00e3o Sindao-PCPB. Neste ato de filia\u00e7\u00e3o ao Sindao-PCPB \u00e9 de livre e espont\u00e2nea<\/p>\n","protected":false},"author":1,"featured_media":0,"parent":0,"menu_order":0,"comment_status":"closed","ping_status":"closed","template":"","meta":{"advgb_blocks_editor_width":"","advgb_blocks_columns_visual_guide":"","footnotes":""},"class_list":["post-223","page","type-page","status-publish","hentry"],"coauthors":[],"author_meta":{"author_link":"https:\/\/sindaopcpb.org.br\/author\/orlandopassos\/","display_name":"OrlandoPassos"},"relative_dates":{"created":"Publicado 4 anos atr\u00e1s","modified":"Atualizado 4 anos atr\u00e1s"},"absolute_dates":{"created":"Publicado em 5 de julho de 2022","modified":"Atualizado em 7 de julho de 2022"},"absolute_dates_time":{"created":"Publicado em 5 de julho de 2022 10:34","modified":"Atualizado em 7 de julho de 2022 17:49"},"featured_img_caption":"","featured_img":false,"series_order":"","_links":{"self":[{"href":"https:\/\/sindaopcpb.org.br\/index.php\/wp-json\/wp\/v2\/pages\/223","targetHints":{"allow":["GET"]}}],"collection":[{"href":"https:\/\/sindaopcpb.org.br\/index.php\/wp-json\/wp\/v2\/pages"}],"about":[{"href":"https:\/\/sindaopcpb.org.br\/index.php\/wp-json\/wp\/v2\/types\/page"}],"author":[{"embeddable":true,"href":"https:\/\/sindaopcpb.org.br\/index.php\/wp-json\/wp\/v2\/users\/1"}],"replies":[{"embeddable":true,"href":"https:\/\/sindaopcpb.org.br\/index.php\/wp-json\/wp\/v2\/comments?post=223"}],"version-history":[{"count":4,"href":"https:\/\/sindaopcpb.org.br\/index.php\/wp-json\/wp\/v2\/pages\/223\/revisions"}],"predecessor-version":[{"id":537,"href":"https:\/\/sindaopcpb.org.br\/index.php\/wp-json\/wp\/v2\/pages\/223\/revisions\/537"}],"wp:attachment":[{"href":"https:\/\/sindaopcpb.org.br\/index.php\/wp-json\/wp\/v2\/media?parent=223"}],"curies":[{"name":"wp","href":"https:\/\/api.w.org\/{rel}","templated":true}]}}